{"id":281,"date":"2025-03-25T11:41:57","date_gmt":"2025-03-25T11:41:57","guid":{"rendered":"https:\/\/wydawnictwo.asp.krakow.pl\/?page_id=281"},"modified":"2026-01-29T11:31:49","modified_gmt":"2026-01-29T11:31:49","slug":"deklaracja-dostepnosci","status":"publish","type":"page","link":"https:\/\/wydawnictwo.asp.krakow.pl\/index.php\/deklaracja-dostepnosci\/","title":{"rendered":"Deklaracja dost\u0119pno\u015bci"},"content":{"rendered":"\n<section id=\"a11y-wstep\">\n  <p><span id=\"a11y-podmiot\">Akademia Sztuk Pi\u0119knych im. Jana Matejki w Krakowie<\/span> zobowi\u0105zuje si\u0119 zapewni\u0107 dost\u0119pno\u015b\u0107 swojej <span id=\"a11y-zakres\">strony internetowej<\/span> zgodnie z ustaw\u0105 z dnia 4 kwietnia 2019 r. o dost\u0119pno\u015bci cyfrowej stron internetowych i aplikacji mobilnych podmiot\u00f3w publicznych.<\/p>\n  <p>Deklaracja dost\u0119pno\u015bci dotyczy strony <a href=\"https:\/\/wydawnictwo.asp.krakow.pl\/\" id=\"a11y-url\">https:\/\/wydawnictwo.asp.krakow.pl\/<\/a>.<\/p>\n<\/section>\n\n<p>Data publikacji strony internetowej: <time id=\"a11y-data-publikacja\" datetime=\"2020-02-05\">5 lutego 2020 r.<\/time> Data ostatniej istotnej aktualizacji: <time id=\"a11y-data-aktualizacja\" datetime=\"2020-06-23\">23 czerwca 2020 r.<\/time><\/p>\n\n<h2>Stan dost\u0119pno\u015bci cyfrowej<\/h2>\n<p id=\"a11y-status\">Ta strona internetowa jest cz\u0119\u015bciowo zgodna z za\u0142\u0105cznikiem do ustawy o dost\u0119pno\u015bci cyfrowej z dnia 4 kwietnia 2019r. o dost\u0119pno\u015bci cyfrowej stron internetowych i aplikacji mobilnych podmiot\u00f3w publicznych z powodu niezgodno\u015bci wymienionych poni\u017cej.<\/p>\n<br>\n<h2>Niedost\u0119pne tre\u015bci<\/h2>\n<h3>Niezgodno\u015b\u0107 z za\u0142\u0105cznikiem<\/h3>\n<ul>\n  <li>Obiekty graficzne nie posiadaj\u0105 opis\u00f3w alternatywnych.<\/li>\n  <li>Dokumenty mog\u0105 posiada\u0107 elementy graficzne pozbawione opis\u00f3w alternatywnych.<\/li>\n<\/ul>\n\n<br>\n<h3>Tre\u015bci nieobj\u0119te przepisami<\/h3>\n<ul>\n  <li>Dokumenty opublikowane przed 23 wrze\u015bnia 2018r. nie s\u0105 dost\u0119pne cyfrowo. Je\u015bli potrzebujesz, kt\u00f3rego\u015b z nich w formie dost\u0119pnej, skontaktuj si\u0119 z nami i wska\u017c, o kt\u00f3ry dokument chodzi.<\/li>\n<\/ul>\n<br>\n<h3>Przygotowanie deklaracji dost\u0119pno\u015bci i jej aktualizacja<\/h3>\n<ul>\n  <li>Data sporz\u0105dzenia deklaracji: <time id=\"a11y-data-sporzadzenie\" datetime=\"2025-03-11\">25 marca 2025 roku<\/time><\/li>\n  <li>Data ostatniego przegl\u0105du deklaracji: <time id=\"a11y-data-przeglad\" datetime=\"2025-03-25\">25 marca 2025 roku<\/time><\/li>\n<\/ul>\n\n<p>Deklaracj\u0119 sporz\u0105dzili\u015bmy na podstawie samooceny w oparciu o <a href=\"https:\/\/www.gov.pl\/attachment\/1a3e2bb5-6d60-4897-ac2f-07a8e91e70ed\">List\u0119 kontroln\u0105 do badania dost\u0119pno\u015bci cyfrowej strony internetowej v. 2.2 (docx, 0,12MB)<\/a>.<\/p>\n<br>\n<h2>Skr\u00f3ty klawiszowe<\/h2>\n<p>Na stronie obowi\u0105zuj\u0105 standardowe skr\u00f3ty klawiszowe.<\/p>\n\n<h2>Informacje zwrotne i dane kontaktowe<\/h2>\n<p>Wszystkie problemy z dost\u0119pno\u015bci\u0105 cyfrow\u0105 tej strony internetowej mo\u017cesz zg\u0142osi\u0107 do <span id=\"a11y-kontakt\">Pe\u0142nomocniczki Rektora ds. Os\u00f3b z Niepe\u0142nosprawno\u015bciami Anny Duczmalewskiej<\/span> \u2014 mejlowo <a id=\"a11y-email\" href=\"mailto:dostepnosc@asp.krakow.pl\">dostepnosc@asp.krakow.pl<\/a> lub telefonicznie\/SMS\/wideopo\u0142\u0105czenie w PJM <a href=\"tel:+48451155004\" id=\"a11y-telefon\">+48 451 155 004<\/a>.<\/p>\n<p>Ka\u017cdy ma prawo wyst\u0105pi\u0107 z \u017c\u0105daniem zapewnienia dost\u0119pno\u015bci cyfrowej tej strony internetowej lub jej element\u00f3w.<\/p>\n<p>Zg\u0142aszaj\u0105c takie \u017c\u0105danie podaj:<\/p>\n<ul>\n  <li>swoje imi\u0119 i nazwisko,<\/li>\n  <li>swoje dane kontaktowe (np. numer telefonu, e-mail),<\/li>\n  <li>dok\u0142adny adres strony internetowej, na kt\u00f3rej jest niedost\u0119pny cyfrowo element lub tre\u015b\u0107,<\/li>\n  <li>opis na czym polega problem i jaki spos\u00f3b jego rozwi\u0105zania by\u0142by dla Ciebie najwygodniejszy.<\/li>\n<\/ul>\n<p>Na Twoje zg\u0142oszenie odpowiemy najszybciej jak to mo\u017cliwe, nie p\u00f3\u017aniej ni\u017c w ci\u0105gu 7 dni od jego otrzymania.<\/p>\n<p>Je\u017celi ten termin b\u0119dzie dla nas zbyt kr\u00f3tki, poinformujemy Ci\u0119 o tym. W tej informacji podamy nowy termin, do kt\u00f3rego poprawimy zg\u0142oszone przez Ciebie b\u0142\u0119dy lub przygotujemy informacje w alternatywny spos\u00f3b. Ten nowy termin nie b\u0119dzie d\u0142u\u017cszy ni\u017c 2 miesi\u0105ce.<\/p>\n<p>Je\u017celi nie b\u0119dziemy w stanie zapewni\u0107 dost\u0119pno\u015bci cyfrowej strony internetowej lub tre\u015bci, wskazanej w Twoim \u017c\u0105daniu, zaproponujemy Ci dost\u0119p do nich w alternatywny spos\u00f3b.<\/p>\n<br>\n<section id=\"a11y-procedura\">\n  <h3>Obs\u0142uga wniosk\u00f3w i skarg zwi\u0105zanych z dost\u0119pno\u015bci\u0105<\/h3>\n  <p>Je\u017celi w odpowiedzi na Tw\u00f3j wniosek o zapewnienie dost\u0119pno\u015bci cyfrowej, odm\u00f3wimy zapewnienia \u017c\u0105danej przez Ciebie dost\u0119pno\u015bci cyfrowej, a Ty nie zgadzasz si\u0119 z t\u0105 odmow\u0105, masz prawo z\u0142o\u017cy\u0107 skarg\u0119.<\/p>\n  <p>Skarg\u0119 masz prawo z\u0142o\u017cy\u0107 tak\u017ce, je\u015bli nie zgadzasz si\u0119 na skorzystanie z alternatywnego sposobu dost\u0119pu, kt\u00f3ry zaproponowali\u015bmy Ci w odpowiedzi na Tw\u00f3j wniosek o zapewnienie dost\u0119pno\u015bci cyfrowej.<\/p>\n  <p>Ewentualn\u0105 skarg\u0119 z\u0142\u00f3\u017c listownie lub mailem:<\/p>\n  <ul>\n    <li>Kancelaria Uczelni<\/li>\n    <li>Adres: pl. Matejki 13, 31-157 Krak\u00f3w<\/li>\n    <li>mejl: <a href=\"mailto:dostepnosc@asp.krakow.pl\">dostepnosc@asp.krakow.pl<\/a><\/li>\n  <\/ul>\n  <a href=\"https:\/\/www.gov.pl\/web\/gov\/zloz-wniosek-o-zapewnienie-dostepnosci-cyfrowej-strony-internetowej-lub-aplikacji-mobilnej\">Pomocne mog\u0105 by\u0107 informacje, kt\u00f3re mo\u017cna znale\u017a\u0107 na rz\u0105dowym portalu gov.pl<\/a>.<\/p>\n  <p>Mo\u017cesz tak\u017ce poinformowa\u0107 o tej sytuacji <a href=\"https:\/\/bip.brpo.gov.pl\/\">Rzecznika Praw Obywatelskich<\/a> i poprosi\u0107 o interwencj\u0119 w Twojej sprawie.<\/p>\n<\/section>\n<br>\n<section id=\"a11y-architektura\">\n  <h3>Dost\u0119pno\u015b\u0107 architektoniczna<\/h3>\n  <section>\n    <address class=\"mb-0\">\n      <div>Kompleks budynk\u00f3w: pl. Matejki 13 \/ Basztowa 16 \/ Paderewskiego 2<\/div>\n    <\/address>\n  <\/section>\n  <br>\n  <h5>Parking<\/h5>\n  <ul>\n    <li>Mo\u017cesz skorzysta\u0107 z miejsca parkingowego dost\u0119pnego na parkingu miejskim przed budynkiem. Na parkingu wyznaczyli\u015bmy 1 miejsce przeznaczone dla os\u00f3b z niepe\u0142nosprawno\u015bci\u0105. Pami\u0119taj o zabraniu karty parkingowej i umieszczeniu jej za szyb\u0105.<\/li>\n    <li>Miejsca parkingowe s\u0105 pomalowane na niebiesko i prawid\u0142owo oznakowane.<\/li>\n    <li>Od miejsca parkingowego do wej\u015bcia do budynku odleg\u0142o\u015b\u0107 wynosi oko\u0142o 3 metry.<\/li>\n  <\/ul>\n<br>\n  <h5>Pies asystuj\u0105cy<\/h5>\n  <ul>\n    <li>Mo\u017cesz przyj\u015b\u0107 z psem asystuj\u0105cym lub psem przewodnikiem. Pami\u0119taj o certyfikacie psa asystuj\u0105cego i za\u015bwiadczeniu o szczepieniu.<\/li>\n  <\/ul>\n<br>\n  <h5>Wej\u015bcie do budynku<\/h5>\n  <ul>\n    <li>Do budynku prowadzi wej\u015bcie od pl. Matejki, kt\u00f3re nie jest dost\u0119pne dla os\u00f3b z niepe\u0142nosprawno\u015bci\u0105 ze wzgl\u0119du na schody. Dostosowane jest wej\u015bcie od ul. Basztowej \u2013 dost\u0119p poprzez domofon zaopatrzony w p\u0119tl\u0119 indukcyjn\u0105, umo\u017cliwiaj\u0105cy kontakt z portierni\u0105.<\/li>\n    <li>Do wej\u015bcia prowadz\u0105 schody.<\/li>\n    <li>Przy schodach znajduje si\u0119 por\u0119cz.<\/li>\n    <li>Drzwi musisz otworzy\u0107 r\u0119cznie.<\/li>\n    <li>Otwieraj\u0105 si\u0119 na zewn\u0105trz.<\/li>\n    <li>Otworzenie drzwi wymaga du\u017cej si\u0142y.<\/li>\n  <\/ul>\n<br>\n  <h5>Ci\u0105gi poziome<\/h5>\n  <ul>\n    <li>Pomieszczenia znajduj\u0105 si\u0119 na 4 kondygnacjach.<\/li>\n    <li>Cz\u0119\u015b\u0107 korytarzy nie jest dost\u0119pna dla os\u00f3b poruszaj\u0105cych si\u0119 na w\u00f3zkach.<\/li>\n  <\/ul>\n<br>\n  <h5>Ci\u0105gi pionowe<\/h5>\n  <ul>\n    <li>Na inne kondygnacje mo\u017cesz si\u0119 dosta\u0107 za pomoc\u0105 schod\u00f3w.<\/li>\n    <li>Mo\u017cesz skorzysta\u0107 z windy.<\/li>\n  <\/ul>\n<br>\n  <h6>Winda<\/h6>\n  <ul>\n    <li>Drzwi otwieraj\u0105 si\u0119 automatycznie po uprzednim wezwaniu windy przyciskiem.<\/li>\n    <li>Przyciski steruj\u0105ce maj\u0105 opisy w alfabecie Braille\u2019a.<\/li>\n    <li>Przyciski steruj\u0105ce maj\u0105 du\u017ce oznaczenia.<\/li>\n    <li>W windzie s\u0105 komunikaty g\u0142osowe.<\/li>\n  <\/ul>\n<br>\n  <h5>\u0141azienka<\/h5>\n  <p>W budynku znajduj\u0105 si\u0119 dwie toalety dost\u0119pne dla os\u00f3b z niepe\u0142nosprawno\u015bci\u0105 \u2013 na poziomie 0 oraz -1.<\/p>\n<\/section>\n<br>\n<section id=\"a11y-komunikacja\">\n \n<h3>Dost\u0119pno\u015b\u0107 komunikacyjno-informacyjna<\/h3>\n<ul>\n<li>Jak wnioskowa\u0107 o t\u0142umacza polskiego j\u0119zyka migowego: https:\/\/pzgomaz.com\/notLogged?customer=ASP_Krakow<\/li>\n<li>Informacja o naszej dzia\u0142alno\u015bci w tek\u015bcie \u0142atwym do czytania (ETR): https:\/\/www.asp.krakow.pl\/o-akademii-dostepnie\/<\/li>\n<li>Informacja o naszej dzia\u0142alno\u015bci w j\u0119zyku migowym (PJM): https:\/\/www.asp.krakow.pl\/o-akademii-dostepnie\/<\/li>\n<\/ul>\n<\/section>\n<\/section>\n","protected":false},"excerpt":{"rendered":"<p>Akademia Sztuk Pi\u0119knych im. Jana Matejki w Krakowie zobowi\u0105zuje si\u0119 zapewni\u0107 dost\u0119pno\u015b\u0107 swojej strony internetowej zgodnie z ustaw\u0105 z dnia 4 kwietnia 2019 r. o dost\u0119pno\u015bci cyfrowej stron internetowych i aplikacji mobilnych podmiot\u00f3w publicznych. Deklaracja dost\u0119pno\u015bci dotyczy strony https:\/\/wydawnictwo.asp.krakow.pl\/. Data publikacji strony internetowej: 5 lutego 2020 r. Data ostatniej istotnej aktualizacji: 23 czerwca 2020 r.&hellip; <a class=\"more-link\" href=\"https:\/\/wydawnictwo.asp.krakow.pl\/index.php\/deklaracja-dostepnosci\/\">Czytaj dalej <span class=\"screen-reader-text\">Deklaracja dost\u0119pno\u015bci<\/span><\/a><\/p>\n","protected":false},"author":1,"featured_media":0,"parent":0,"menu_order":0,"comment_status":"closed","ping_status":"closed","template":"","meta":{"footnotes":""},"class_list":["post-281","page","type-page","status-publish","hentry","entry"],"_links":{"self":[{"href":"https:\/\/wydawnictwo.asp.krakow.pl\/index.php\/wp-json\/wp\/v2\/pages\/281","targetHints":{"allow":["GET"]}}],"collection":[{"href":"https:\/\/wydawnictwo.asp.krakow.pl\/index.php\/wp-json\/wp\/v2\/pages"}],"about":[{"href":"https:\/\/wydawnictwo.asp.krakow.pl\/index.php\/wp-json\/wp\/v2\/types\/page"}],"author":[{"embeddable":true,"href":"https:\/\/wydawnictwo.asp.krakow.pl\/index.php\/wp-json\/wp\/v2\/users\/1"}],"replies":[{"embeddable":true,"href":"https:\/\/wydawnictwo.asp.krakow.pl\/index.php\/wp-json\/wp\/v2\/comments?post=281"}],"version-history":[{"count":22,"href":"https:\/\/wydawnictwo.asp.krakow.pl\/index.php\/wp-json\/wp\/v2\/pages\/281\/revisions"}],"predecessor-version":[{"id":398,"href":"https:\/\/wydawnictwo.asp.krakow.pl\/index.php\/wp-json\/wp\/v2\/pages\/281\/revisions\/398"}],"wp:attachment":[{"href":"https:\/\/wydawnictwo.asp.krakow.pl\/index.php\/wp-json\/wp\/v2\/media?parent=281"}],"curies":[{"name":"wp","href":"https:\/\/api.w.org\/{rel}","templated":true}]}}