{"id":55,"date":"2022-09-26T17:18:13","date_gmt":"2022-09-26T17:18:13","guid":{"rendered":"https:\/\/wydawnictwo.asp.krakow.pl\/?page_id=55"},"modified":"2025-02-04T09:53:32","modified_gmt":"2025-02-04T09:53:32","slug":"kontakt-2","status":"publish","type":"page","link":"https:\/\/wydawnictwo.asp.krakow.pl\/index.php\/kontakt-2\/","title":{"rendered":"Kontakt"},"content":{"rendered":"\n<p class=\"has-text-color has-large-font-size\" style=\"color:#9005fb\"><\/p>\n\n\n\n<p><strong>Wydawnictwo ASP<br><\/strong>pl. Jana Matejki 13, p. 221a<br>31-157 Krak\u00f3w<\/p>\n\n\n\n<p><strong>Magazyn<\/strong><br>ul. Pi\u0142sudskiego 21<br>31-110 Krak\u00f3w<br>e-mail:&nbsp;<a href=\"mailto:jpudelko@asp.krakow.pl\">jpudelko@asp.krakow.pl<\/a><br>tel. 516 240 500<\/p>\n\n\n\n<p>e-mail:&nbsp;<a href=\"mailto:wvdawnictwo@asp.krakow.pl\">wydawnictwo@asp.krakow.pl<\/a><\/p>\n\n\n\n<hr class=\"wp-block-separator has-alpha-channel-opacity\"\/>\n","protected":false},"excerpt":{"rendered":"<p>Wydawnictwo ASPpl. Jana Matejki 13, p. 221a31-157 Krak\u00f3w Magazynul. Pi\u0142sudskiego 2131-110 Krak\u00f3we-mail:&nbsp;jpudelko@asp.krakow.pltel. 516 240 500 e-mail:&nbsp;wydawnictwo@asp.krakow.pl<\/p>\n","protected":false},"author":1,"featured_media":0,"parent":0,"menu_order":0,"comment_status":"closed","ping_status":"closed","template":"","meta":{"footnotes":""},"class_list":["post-55","page","type-page","status-publish","hentry","entry"],"_links":{"self":[{"href":"https:\/\/wydawnictwo.asp.krakow.pl\/index.php\/wp-json\/wp\/v2\/pages\/55","targetHints":{"allow":["GET"]}}],"collection":[{"href":"https:\/\/wydawnictwo.asp.krakow.pl\/index.php\/wp-json\/wp\/v2\/pages"}],"about":[{"href":"https:\/\/wydawnictwo.asp.krakow.pl\/index.php\/wp-json\/wp\/v2\/types\/page"}],"author":[{"embeddable":true,"href":"https:\/\/wydawnictwo.asp.krakow.pl\/index.php\/wp-json\/wp\/v2\/users\/1"}],"replies":[{"embeddable":true,"href":"https:\/\/wydawnictwo.asp.krakow.pl\/index.php\/wp-json\/wp\/v2\/comments?post=55"}],"version-history":[{"count":7,"href":"https:\/\/wydawnictwo.asp.krakow.pl\/index.php\/wp-json\/wp\/v2\/pages\/55\/revisions"}],"predecessor-version":[{"id":245,"href":"https:\/\/wydawnictwo.asp.krakow.pl\/index.php\/wp-json\/wp\/v2\/pages\/55\/revisions\/245"}],"wp:attachment":[{"href":"https:\/\/wydawnictwo.asp.krakow.pl\/index.php\/wp-json\/wp\/v2\/media?parent=55"}],"curies":[{"name":"wp","href":"https:\/\/api.w.org\/{rel}","templated":true}]}}